{"id":6,"date":"2025-03-13T08:45:49","date_gmt":"2025-03-13T07:45:49","guid":{"rendered":"https:\/\/paroisses-crach-locmariaquer-st-philibert.fr\/?page_id=6"},"modified":"2025-11-25T12:20:54","modified_gmt":"2025-11-25T11:20:54","slug":"accueil","status":"publish","type":"page","link":"https:\/\/paroisses-crach-locmariaquer-st-philibert.fr\/","title":{"rendered":"Accueil"},"content":{"rendered":"\n<div style=\"height:20px\" aria-hidden=\"true\" class=\"wp-block-spacer\"><\/div>\n\n\n\n<p class=\"has-text-align-center has-text-color has-background has-link-color has-huge-font-size wp-elements-89c49c16e32ee4587166f9ddb407390a\" style=\"color:#f9f8f8;background-color:#004aad\"><strong>La communaut\u00e9 de paroisses de Crac&rsquo;h, Locmariaquer et Saint-Philibert vous souhaite la bienvenue !<\/strong><\/p>\n\n\n\n<div style=\"height:20px\" aria-hidden=\"true\" class=\"wp-block-spacer\"><\/div>\n\n\n\n<p class=\"has-text-align-center has-text-color has-background has-link-color has-normal-font-size wp-elements-60b392d9b589a9161cf2f149fd2d189f\" style=\"color:#f9f8f8;background-color:#004aad\"><strong>S\u00e9lectionnez votre paroisse ci-dessous<\/strong> :<\/p>\n\n\n\n<div style=\"height:20px\" aria-hidden=\"true\" class=\"wp-block-spacer\"><\/div>\n\n\n\n<div class=\"wp-block-columns is-layout-flex wp-container-core-columns-is-layout-28f84493 wp-block-columns-is-layout-flex\">\n<div class=\"wp-block-column is-layout-flow wp-block-column-is-layout-flow\"><div class=\"wp-block-image\">\n<figure class=\"aligncenter size-full has-custom-border\" style=\"margin-top:0;margin-right:var(--wp--preset--spacing--30);margin-bottom:0;margin-left:var(--wp--preset--spacing--30)\"><a href=\"https:\/\/paroisse-crach.fr\/\" target=\"_blank\" rel=\" noreferrer noopener\"><img loading=\"lazy\" decoding=\"async\" width=\"500\" height=\"350\" src=\"http:\/\/paroisses-crach-locmariaquer-st-philibert.fr\/wp-content\/uploads\/2025\/05\/vignette-paroisse-de-crach-eglise-chapelle.jpg\" alt=\"\u00e9glise saint thuriau de la paroisse de crac'h\" class=\"wp-image-63\" style=\"border-style:none;border-width:0px;border-radius:20px;object-fit:cover\" srcset=\"https:\/\/paroisses-crach-locmariaquer-st-philibert.fr\/wp-content\/uploads\/2025\/05\/vignette-paroisse-de-crach-eglise-chapelle.jpg 500w, https:\/\/paroisses-crach-locmariaquer-st-philibert.fr\/wp-content\/uploads\/2025\/05\/vignette-paroisse-de-crach-eglise-chapelle-300x210.jpg 300w\" sizes=\"auto, (max-width: 500px) 100vw, 500px\" \/><\/a><\/figure>\n<\/div><\/div>\n\n\n\n<div class=\"wp-block-column is-layout-flow wp-block-column-is-layout-flow\">\n<figure class=\"wp-block-image size-full has-custom-border\" style=\"margin-right:var(--wp--preset--spacing--30);margin-left:var(--wp--preset--spacing--30)\"><a href=\"https:\/\/paroisse-locmariaquer.fr\/\" target=\"_blank\" rel=\" noreferrer noopener\"><img loading=\"lazy\" decoding=\"async\" width=\"500\" height=\"350\" src=\"http:\/\/paroisses-crach-locmariaquer-st-philibert.fr\/wp-content\/uploads\/2025\/05\/vignette-paroisse-de-locmariaquer-eglise-chapelle.jpg\" alt=\"\u00e9glise de la paroisse de locmariaquer\" class=\"wp-image-66\" style=\"border-radius:20px;object-fit:cover\" srcset=\"https:\/\/paroisses-crach-locmariaquer-st-philibert.fr\/wp-content\/uploads\/2025\/05\/vignette-paroisse-de-locmariaquer-eglise-chapelle.jpg 500w, https:\/\/paroisses-crach-locmariaquer-st-philibert.fr\/wp-content\/uploads\/2025\/05\/vignette-paroisse-de-locmariaquer-eglise-chapelle-300x210.jpg 300w\" sizes=\"auto, (max-width: 500px) 100vw, 500px\" \/><\/a><\/figure>\n<\/div>\n\n\n\n<div class=\"wp-block-column is-layout-flow wp-block-column-is-layout-flow\">\n<figure class=\"wp-block-image size-full has-custom-border is-style-default\" style=\"margin-top:0;margin-right:var(--wp--preset--spacing--30);margin-bottom:0;margin-left:var(--wp--preset--spacing--30)\"><a href=\"https:\/\/paroisse-st-philibert.fr\/\" target=\"_blank\" rel=\" noreferrer noopener\"><img loading=\"lazy\" decoding=\"async\" width=\"500\" height=\"350\" src=\"http:\/\/paroisses-crach-locmariaquer-st-philibert.fr\/wp-content\/uploads\/2025\/05\/vignette-paroisse-de-saint-philibert-eglise-chapelle.jpg\" alt=\"\u00e9glise de la paroisse de saint philibert\" class=\"wp-image-67\" style=\"border-style:none;border-width:0px;border-radius:20px;object-fit:cover\" srcset=\"https:\/\/paroisses-crach-locmariaquer-st-philibert.fr\/wp-content\/uploads\/2025\/05\/vignette-paroisse-de-saint-philibert-eglise-chapelle.jpg 500w, https:\/\/paroisses-crach-locmariaquer-st-philibert.fr\/wp-content\/uploads\/2025\/05\/vignette-paroisse-de-saint-philibert-eglise-chapelle-300x210.jpg 300w\" sizes=\"auto, (max-width: 500px) 100vw, 500px\" \/><\/a><\/figure>\n<\/div>\n<\/div>\n\n\n\n<p class=\"has-text-align-center has-large-font-size\"><strong>\u00c0 voir aussi&#8230;<\/strong><\/p>\n\n\n\n<div style=\"height:23px\" aria-hidden=\"true\" class=\"wp-block-spacer\"><\/div>\n\n\n\n<p class=\".image-avec-bordure { border: 5px solid #eda94a ; padding: 5px; display: inline-block; border-radius: 8px; } .bloc-centre flex; justify-content: center; width: 100%; has-text-color has-link-color wp-elements-281107e4a20e4b8c83b5afd68f5a37c6\" style=\"color:#004aad\"><\/p>\n\n\n<div class=\"wp-block-image bordure-image\">\n<figure class=\"aligncenter size-full has-custom-border\"><a href=\"https:\/\/com3paroisses.wixsite.com\/echosdes3paroisses\" target=\"_blank\"><img loading=\"lazy\" decoding=\"async\" width=\"300\" height=\"64\" src=\"http:\/\/paroisses-crach-locmariaquer-st-philibert.fr\/wp-content\/uploads\/2025\/05\/Bouton-bleu-echo-3-paroisses.png\" alt=\"\" class=\"has-border-color wp-image-315\" style=\"border-color:#4aa355;border-width:6px;border-radius:20px\"\/><\/a><\/figure>\n<\/div>\n\n\n<p><\/p>\n\n\n\n<p><\/p>\n\n\n\n<p><\/p>\n","protected":false},"excerpt":{"rendered":"<p>La communaut\u00e9 de paroisses de Crac&rsquo;h, Locmariaquer et Saint-Philibert vous souhaite la bienvenue ! S\u00e9lectionnez votre paroisse ci-dessous : \u00c0 voir aussi&#8230;<\/p>\n","protected":false},"author":1,"featured_media":0,"parent":0,"menu_order":0,"comment_status":"closed","ping_status":"closed","template":"template-page-builder.php","meta":{"iawp_total_views":2617,"footnotes":""},"class_list":["post-6","page","type-page","status-publish","hentry","entry"],"yoast_head":"<!-- This site is optimized with the Yoast SEO plugin v25.8 - https:\/\/yoast.com\/wordpress\/plugins\/seo\/ -->\n<title>Accueil - La communaut\u00e9 de paroisses de Crac&#039;h, Locmariaquer et Saint-Philibert<\/title>\n<meta name=\"robots\" content=\"index, follow, max-snippet:-1, max-image-preview:large, max-video-preview:-1\" \/>\n<link rel=\"canonical\" href=\"https:\/\/paroisses-crach-locmariaquer-st-philibert.fr\/\" \/>\n<meta property=\"og:locale\" content=\"fr_FR\" \/>\n<meta property=\"og:type\" content=\"article\" \/>\n<meta property=\"og:title\" content=\"Accueil - La communaut\u00e9 de paroisses de Crac&#039;h, Locmariaquer et Saint-Philibert\" \/>\n<meta property=\"og:description\" content=\"La communaut\u00e9 de paroisses de Crac&rsquo;h, Locmariaquer et Saint-Philibert vous souhaite la bienvenue ! S\u00e9lectionnez votre paroisse ci-dessous : \u00c0 voir aussi&#8230;\" \/>\n<meta property=\"og:url\" content=\"https:\/\/paroisses-crach-locmariaquer-st-philibert.fr\/\" \/>\n<meta property=\"og:site_name\" content=\"La communaut\u00e9 de paroisses de Crac&#039;h, Locmariaquer et Saint-Philibert\" \/>\n<meta property=\"article:modified_time\" content=\"2025-11-25T11:20:54+00:00\" \/>\n<meta property=\"og:image\" content=\"https:\/\/paroisses-crach-locmariaquer-st-philibert.fr\/wp-content\/uploads\/2025\/05\/vignette-paroisse-de-crach-eglise-chapelle.jpg\" \/>\n\t<meta property=\"og:image:width\" content=\"500\" \/>\n\t<meta property=\"og:image:height\" content=\"350\" \/>\n\t<meta property=\"og:image:type\" content=\"image\/jpeg\" \/>\n<meta name=\"twitter:card\" content=\"summary_large_image\" \/>\n<meta name=\"twitter:label1\" content=\"Dur\u00e9e de lecture estim\u00e9e\" \/>\n\t<meta name=\"twitter:data1\" content=\"1 minute\" \/>\n<script type=\"application\/ld+json\" class=\"yoast-schema-graph\">{\"@context\":\"https:\/\/schema.org\",\"@graph\":[{\"@type\":\"WebPage\",\"@id\":\"https:\/\/paroisses-crach-locmariaquer-st-philibert.fr\/\",\"url\":\"https:\/\/paroisses-crach-locmariaquer-st-philibert.fr\/\",\"name\":\"Accueil - La communaut\u00e9 de paroisses de Crac&#039;h, Locmariaquer et Saint-Philibert\",\"isPartOf\":{\"@id\":\"https:\/\/paroisses-crach-locmariaquer-st-philibert.fr\/#website\"},\"primaryImageOfPage\":{\"@id\":\"https:\/\/paroisses-crach-locmariaquer-st-philibert.fr\/#primaryimage\"},\"image\":{\"@id\":\"https:\/\/paroisses-crach-locmariaquer-st-philibert.fr\/#primaryimage\"},\"thumbnailUrl\":\"http:\/\/paroisses-crach-locmariaquer-st-philibert.fr\/wp-content\/uploads\/2025\/05\/vignette-paroisse-de-crach-eglise-chapelle.jpg\",\"datePublished\":\"2025-03-13T07:45:49+00:00\",\"dateModified\":\"2025-11-25T11:20:54+00:00\",\"breadcrumb\":{\"@id\":\"https:\/\/paroisses-crach-locmariaquer-st-philibert.fr\/#breadcrumb\"},\"inLanguage\":\"fr-FR\",\"potentialAction\":[{\"@type\":\"ReadAction\",\"target\":[\"https:\/\/paroisses-crach-locmariaquer-st-philibert.fr\/\"]}]},{\"@type\":\"ImageObject\",\"inLanguage\":\"fr-FR\",\"@id\":\"https:\/\/paroisses-crach-locmariaquer-st-philibert.fr\/#primaryimage\",\"url\":\"https:\/\/paroisses-crach-locmariaquer-st-philibert.fr\/wp-content\/uploads\/2025\/05\/vignette-paroisse-de-crach-eglise-chapelle.jpg\",\"contentUrl\":\"https:\/\/paroisses-crach-locmariaquer-st-philibert.fr\/wp-content\/uploads\/2025\/05\/vignette-paroisse-de-crach-eglise-chapelle.jpg\",\"width\":500,\"height\":350,\"caption\":\"\u00e9glise saint thuriau de la paroisse de crac'h\"},{\"@type\":\"BreadcrumbList\",\"@id\":\"https:\/\/paroisses-crach-locmariaquer-st-philibert.fr\/#breadcrumb\",\"itemListElement\":[{\"@type\":\"ListItem\",\"position\":1,\"name\":\"Accueil\",\"item\":\"https:\/\/paroisses-crach-locmariaquer-st-philibert.fr\/\"},{\"@type\":\"ListItem\",\"position\":2,\"name\":\"Accueil\"}]},{\"@type\":\"WebSite\",\"@id\":\"https:\/\/paroisses-crach-locmariaquer-st-philibert.fr\/#website\",\"url\":\"https:\/\/paroisses-crach-locmariaquer-st-philibert.fr\/\",\"name\":\"La communaut\u00e9 de paroisses de Crac'h, Locmariaquer et Saint-Philibert\",\"description\":\"\",\"publisher\":{\"@id\":\"https:\/\/paroisses-crach-locmariaquer-st-philibert.fr\/#organization\"},\"potentialAction\":[{\"@type\":\"SearchAction\",\"target\":{\"@type\":\"EntryPoint\",\"urlTemplate\":\"https:\/\/paroisses-crach-locmariaquer-st-philibert.fr\/?s={search_term_string}\"},\"query-input\":{\"@type\":\"PropertyValueSpecification\",\"valueRequired\":true,\"valueName\":\"search_term_string\"}}],\"inLanguage\":\"fr-FR\"},{\"@type\":\"Organization\",\"@id\":\"https:\/\/paroisses-crach-locmariaquer-st-philibert.fr\/#organization\",\"name\":\"La communaut\u00e9 de paroisses de Crac'h, Locmariaquer et Saint-Philibert\",\"url\":\"https:\/\/paroisses-crach-locmariaquer-st-philibert.fr\/\",\"logo\":{\"@type\":\"ImageObject\",\"inLanguage\":\"fr-FR\",\"@id\":\"https:\/\/paroisses-crach-locmariaquer-st-philibert.fr\/#\/schema\/logo\/image\/\",\"url\":\"https:\/\/paroisses-crach-locmariaquer-st-philibert.fr\/wp-content\/uploads\/2025\/05\/banniere.jpg\",\"contentUrl\":\"https:\/\/paroisses-crach-locmariaquer-st-philibert.fr\/wp-content\/uploads\/2025\/05\/banniere.jpg\",\"width\":961,\"height\":172,\"caption\":\"La communaut\u00e9 de paroisses de Crac'h, Locmariaquer et Saint-Philibert\"},\"image\":{\"@id\":\"https:\/\/paroisses-crach-locmariaquer-st-philibert.fr\/#\/schema\/logo\/image\/\"}}]}<\/script>\n<!-- \/ Yoast SEO plugin. -->","yoast_head_json":{"title":"Accueil - La communaut\u00e9 de paroisses de Crac&#039;h, Locmariaquer et Saint-Philibert","robots":{"index":"index","follow":"follow","max-snippet":"max-snippet:-1","max-image-preview":"max-image-preview:large","max-video-preview":"max-video-preview:-1"},"canonical":"https:\/\/paroisses-crach-locmariaquer-st-philibert.fr\/","og_locale":"fr_FR","og_type":"article","og_title":"Accueil - La communaut\u00e9 de paroisses de Crac&#039;h, Locmariaquer et Saint-Philibert","og_description":"La communaut\u00e9 de paroisses de Crac&rsquo;h, Locmariaquer et Saint-Philibert vous souhaite la bienvenue ! S\u00e9lectionnez votre paroisse ci-dessous : \u00c0 voir aussi&#8230;","og_url":"https:\/\/paroisses-crach-locmariaquer-st-philibert.fr\/","og_site_name":"La communaut\u00e9 de paroisses de Crac&#039;h, Locmariaquer et Saint-Philibert","article_modified_time":"2025-11-25T11:20:54+00:00","og_image":[{"width":500,"height":350,"url":"https:\/\/paroisses-crach-locmariaquer-st-philibert.fr\/wp-content\/uploads\/2025\/05\/vignette-paroisse-de-crach-eglise-chapelle.jpg","type":"image\/jpeg"}],"twitter_card":"summary_large_image","twitter_misc":{"Dur\u00e9e de lecture estim\u00e9e":"1 minute"},"schema":{"@context":"https:\/\/schema.org","@graph":[{"@type":"WebPage","@id":"https:\/\/paroisses-crach-locmariaquer-st-philibert.fr\/","url":"https:\/\/paroisses-crach-locmariaquer-st-philibert.fr\/","name":"Accueil - La communaut\u00e9 de paroisses de Crac&#039;h, Locmariaquer et Saint-Philibert","isPartOf":{"@id":"https:\/\/paroisses-crach-locmariaquer-st-philibert.fr\/#website"},"primaryImageOfPage":{"@id":"https:\/\/paroisses-crach-locmariaquer-st-philibert.fr\/#primaryimage"},"image":{"@id":"https:\/\/paroisses-crach-locmariaquer-st-philibert.fr\/#primaryimage"},"thumbnailUrl":"http:\/\/paroisses-crach-locmariaquer-st-philibert.fr\/wp-content\/uploads\/2025\/05\/vignette-paroisse-de-crach-eglise-chapelle.jpg","datePublished":"2025-03-13T07:45:49+00:00","dateModified":"2025-11-25T11:20:54+00:00","breadcrumb":{"@id":"https:\/\/paroisses-crach-locmariaquer-st-philibert.fr\/#breadcrumb"},"inLanguage":"fr-FR","potentialAction":[{"@type":"ReadAction","target":["https:\/\/paroisses-crach-locmariaquer-st-philibert.fr\/"]}]},{"@type":"ImageObject","inLanguage":"fr-FR","@id":"https:\/\/paroisses-crach-locmariaquer-st-philibert.fr\/#primaryimage","url":"https:\/\/paroisses-crach-locmariaquer-st-philibert.fr\/wp-content\/uploads\/2025\/05\/vignette-paroisse-de-crach-eglise-chapelle.jpg","contentUrl":"https:\/\/paroisses-crach-locmariaquer-st-philibert.fr\/wp-content\/uploads\/2025\/05\/vignette-paroisse-de-crach-eglise-chapelle.jpg","width":500,"height":350,"caption":"\u00e9glise saint thuriau de la paroisse de crac'h"},{"@type":"BreadcrumbList","@id":"https:\/\/paroisses-crach-locmariaquer-st-philibert.fr\/#breadcrumb","itemListElement":[{"@type":"ListItem","position":1,"name":"Accueil","item":"https:\/\/paroisses-crach-locmariaquer-st-philibert.fr\/"},{"@type":"ListItem","position":2,"name":"Accueil"}]},{"@type":"WebSite","@id":"https:\/\/paroisses-crach-locmariaquer-st-philibert.fr\/#website","url":"https:\/\/paroisses-crach-locmariaquer-st-philibert.fr\/","name":"La communaut\u00e9 de paroisses de Crac'h, Locmariaquer et Saint-Philibert","description":"","publisher":{"@id":"https:\/\/paroisses-crach-locmariaquer-st-philibert.fr\/#organization"},"potentialAction":[{"@type":"SearchAction","target":{"@type":"EntryPoint","urlTemplate":"https:\/\/paroisses-crach-locmariaquer-st-philibert.fr\/?s={search_term_string}"},"query-input":{"@type":"PropertyValueSpecification","valueRequired":true,"valueName":"search_term_string"}}],"inLanguage":"fr-FR"},{"@type":"Organization","@id":"https:\/\/paroisses-crach-locmariaquer-st-philibert.fr\/#organization","name":"La communaut\u00e9 de paroisses de Crac'h, Locmariaquer et Saint-Philibert","url":"https:\/\/paroisses-crach-locmariaquer-st-philibert.fr\/","logo":{"@type":"ImageObject","inLanguage":"fr-FR","@id":"https:\/\/paroisses-crach-locmariaquer-st-philibert.fr\/#\/schema\/logo\/image\/","url":"https:\/\/paroisses-crach-locmariaquer-st-philibert.fr\/wp-content\/uploads\/2025\/05\/banniere.jpg","contentUrl":"https:\/\/paroisses-crach-locmariaquer-st-philibert.fr\/wp-content\/uploads\/2025\/05\/banniere.jpg","width":961,"height":172,"caption":"La communaut\u00e9 de paroisses de Crac'h, Locmariaquer et Saint-Philibert"},"image":{"@id":"https:\/\/paroisses-crach-locmariaquer-st-philibert.fr\/#\/schema\/logo\/image\/"}}]}},"_links":{"self":[{"href":"https:\/\/paroisses-crach-locmariaquer-st-philibert.fr\/index.php?rest_route=\/wp\/v2\/pages\/6","targetHints":{"allow":["GET"]}}],"collection":[{"href":"https:\/\/paroisses-crach-locmariaquer-st-philibert.fr\/index.php?rest_route=\/wp\/v2\/pages"}],"about":[{"href":"https:\/\/paroisses-crach-locmariaquer-st-philibert.fr\/index.php?rest_route=\/wp\/v2\/types\/page"}],"author":[{"embeddable":true,"href":"https:\/\/paroisses-crach-locmariaquer-st-philibert.fr\/index.php?rest_route=\/wp\/v2\/users\/1"}],"replies":[{"embeddable":true,"href":"https:\/\/paroisses-crach-locmariaquer-st-philibert.fr\/index.php?rest_route=%2Fwp%2Fv2%2Fcomments&post=6"}],"version-history":[{"count":131,"href":"https:\/\/paroisses-crach-locmariaquer-st-philibert.fr\/index.php?rest_route=\/wp\/v2\/pages\/6\/revisions"}],"predecessor-version":[{"id":870,"href":"https:\/\/paroisses-crach-locmariaquer-st-philibert.fr\/index.php?rest_route=\/wp\/v2\/pages\/6\/revisions\/870"}],"wp:attachment":[{"href":"https:\/\/paroisses-crach-locmariaquer-st-philibert.fr\/index.php?rest_route=%2Fwp%2Fv2%2Fmedia&parent=6"}],"curies":[{"name":"wp","href":"https:\/\/api.w.org\/{rel}","templated":true}]}}